{"id":879,"date":"2021-03-16T08:43:41","date_gmt":"2021-03-16T06:43:41","guid":{"rendered":"https:\/\/www.dandytailor.fi\/?page_id=879"},"modified":"2026-02-10T18:12:28","modified_gmt":"2026-02-10T16:12:28","slug":"raatalinpuku","status":"publish","type":"page","link":"https:\/\/www.dandytailor.fi\/en\/raatalinpuku\/","title":{"rendered":"Tailor"},"content":{"rendered":"\t\t<div data-elementor-type=\"wp-page\" data-elementor-id=\"879\" class=\"elementor elementor-879\" data-elementor-post-type=\"page\">\n\t\t\t\t\t\t<section class=\"elementor-section elementor-top-section elementor-element elementor-element-123f5ab elementor-section-height-min-height elementor-section-full_width elementor-section-height-default elementor-section-items-middle elementor-invisible\" data-id=\"123f5ab\" data-element_type=\"section\" data-settings=\"{&quot;background_background&quot;:&quot;classic&quot;,&quot;animation&quot;:&quot;fadeIn&quot;}\">\n\t\t\t\t\t\t\t<div class=\"elementor-background-overlay\"><\/div>\n\t\t\t\t\t\t\t<div class=\"elementor-container elementor-column-gap-default\">\n\t\t\t\t\t<div class=\"elementor-column elementor-col-100 elementor-top-column elementor-element elementor-element-24ae9d9d\" data-id=\"24ae9d9d\" data-element_type=\"column\">\n\t\t\t<div class=\"elementor-widget-wrap elementor-element-populated\">\n\t\t\t\t\t\t<div class=\"elementor-element elementor-element-6f470da1 elementor-widget elementor-widget-heading\" data-id=\"6f470da1\" data-element_type=\"widget\" data-widget_type=\"heading.default\">\n\t\t\t\t\t<h1 class=\"elementor-heading-title elementor-size-default\">R\u00e4\u00e4t\u00e4li<\/h1>\t\t\t\t<\/div>\n\t\t\t\t\t<\/div>\n\t\t<\/div>\n\t\t\t\t\t<\/div>\n\t\t<\/section>\n\t\t\t\t<section class=\"elementor-section elementor-top-section elementor-element elementor-element-6e8ffa7 elementor-section-content-middle elementor-reverse-tablet elementor-reverse-mobile elementor-section-boxed elementor-section-height-default elementor-section-height-default\" data-id=\"6e8ffa7\" data-element_type=\"section\" data-settings=\"{&quot;background_background&quot;:&quot;classic&quot;}\">\n\t\t\t\t\t\t\t<div class=\"elementor-background-overlay\"><\/div>\n\t\t\t\t\t\t\t<div class=\"elementor-container elementor-column-gap-default\">\n\t\t\t\t\t<div class=\"elementor-column elementor-col-100 elementor-top-column elementor-element elementor-element-abf744c\" data-id=\"abf744c\" data-element_type=\"column\">\n\t\t\t<div class=\"elementor-widget-wrap elementor-element-populated\">\n\t\t\t\t\t\t<div class=\"elementor-element elementor-element-6186597 elementor-widget elementor-widget-text-editor\" data-id=\"6186597\" data-element_type=\"widget\" data-widget_type=\"text-editor.default\">\n\t\t\t\t\t\t\t\t\t<p>R\u00e4\u00e4t\u00e4lipuku eli <em>Bespoke Suit<\/em> eroaa mittatilauspuvusta siin\u00e4, ett\u00e4 se valmistetaan jokaista osaa my\u00f6ten k\u00e4sity\u00f6n\u00e4 liikkeess\u00e4mme r\u00e4\u00e4t\u00e4lien toimesta.<\/p>\t\t\t\t\t\t\t\t<\/div>\n\t\t\t\t<div class=\"elementor-element elementor-element-5b33d45 elementor-widget elementor-widget-text-editor\" data-id=\"5b33d45\" data-element_type=\"widget\" data-widget_type=\"text-editor.default\">\n\t\t\t\t\t\t\t\t\t<p>R\u00e4\u00e4t\u00e4linpuvun valmistuksen ensimm\u00e4inen vaihe on vastaava kuin mittatilauspuvun &#8211; selvitet\u00e4\u00e4n millaiseen k\u00e4ytt\u00f6\u00f6n puku on tulossa.<\/p><p>Sen j\u00e4lkeen r\u00e4\u00e4t\u00e4li voi suositella sinulle oikeita kankaita sadoista laatu- ja v\u00e4ri vaihtoehdoista. Seuraavaksi r\u00e4\u00e4t\u00e4li piirt\u00e4\u00e4 puvulle kaavan muistiinpanojen ja mittojen pohjalta. Kaavan pohjalta valmistetaan sovitusproto, joka sovitetaan istuvuuden ja yksityiskohtien varmistamiseksi.<\/p><p>R\u00e4\u00e4t\u00e4l\u00f6idyn puvun toisessa sovituksessa puku alkaa olla jo ulkon\u00e4\u00f6llisesti valmis, mutta mittojen osalta tehd\u00e4\u00e4n viel\u00e4 muutamia parannuksia ennen viimeist\u00e4 sovitusta.<\/p><p>Viimeisess\u00e4 sovituksessa k\u00e4ymme l\u00e4pi, ett\u00e4 milt\u00e4 puku n\u00e4ytt\u00e4\u00e4 ja tarvitseeko se viel\u00e4 korjausta.<\/p><p><b>R\u00e4\u00e4t\u00e4linpuvun valmistuksessa kest\u00e4\u00e4 yleens\u00e4 noin kuusi viikkoa, riippuen r\u00e4\u00e4t\u00e4lin ja asiakkaan aikataulusta sek\u00e4 sovitusten m\u00e4\u00e4r\u00e4st\u00e4, joita yleens\u00e4 tarvitaan nelj\u00e4st\u00e4 viiteen.<\/b><\/p><p><b>R\u00e4\u00e4t\u00e4lipuku alkaen 3 900\u20ac<\/b><\/p>\t\t\t\t\t\t\t\t<\/div>\n\t\t\t\t<div class=\"elementor-element elementor-element-bb17a68 elementor-mobile-align-center elementor-align-left elementor-widget__width-inherit elementor-widget elementor-widget-button\" data-id=\"bb17a68\" data-element_type=\"widget\" data-widget_type=\"button.default\">\n\t\t\t\t\t\t\t\t\t\t<a class=\"elementor-button elementor-button-link elementor-size-sm\" href=\"https:\/\/www.dandytailor.fi\/ajanvaraus\/\">\n\t\t\t\t\t\t<span class=\"elementor-button-content-wrapper\">\n\t\t\t\t\t\t<span class=\"elementor-button-icon\">\n\t\t\t\t<svg aria-hidden=\"true\" class=\"e-font-icon-svg e-far-calendar-alt\" viewBox=\"0 0 448 512\" xmlns=\"http:\/\/www.w3.org\/2000\/svg\"><path d=\"M148 288h-40c-6.6 0-12-5.4-12-12v-40c0-6.6 5.4-12 12-12h40c6.6 0 12 5.4 12 12v40c0 6.6-5.4 12-12 12zm108-12v-40c0-6.6-5.4-12-12-12h-40c-6.6 0-12 5.4-12 12v40c0 6.6 5.4 12 12 12h40c6.6 0 12-5.4 12-12zm96 0v-40c0-6.6-5.4-12-12-12h-40c-6.6 0-12 5.4-12 12v40c0 6.6 5.4 12 12 12h40c6.6 0 12-5.4 12-12zm-96 96v-40c0-6.6-5.4-12-12-12h-40c-6.6 0-12 5.4-12 12v40c0 6.6 5.4 12 12 12h40c6.6 0 12-5.4 12-12zm-96 0v-40c0-6.6-5.4-12-12-12h-40c-6.6 0-12 5.4-12 12v40c0 6.6 5.4 12 12 12h40c6.6 0 12-5.4 12-12zm192 0v-40c0-6.6-5.4-12-12-12h-40c-6.6 0-12 5.4-12 12v40c0 6.6 5.4 12 12 12h40c6.6 0 12-5.4 12-12zm96-260v352c0 26.5-21.5 48-48 48H48c-26.5 0-48-21.5-48-48V112c0-26.5 21.5-48 48-48h48V12c0-6.6 5.4-12 12-12h40c6.6 0 12 5.4 12 12v52h128V12c0-6.6 5.4-12 12-12h40c6.6 0 12 5.4 12 12v52h48c26.5 0 48 21.5 48 48zm-48 346V160H48v298c0 3.3 2.7 6 6 6h340c3.3 0 6-2.7 6-6z\"><\/path><\/svg>\t\t\t<\/span>\n\t\t\t\t\t\t\t\t\t<span class=\"elementor-button-text\">VARAA AIKA R\u00c4\u00c4T\u00c4LILLE<\/span>\n\t\t\t\t\t<\/span>\n\t\t\t\t\t<\/a>\n\t\t\t\t\t\t\t\t<\/div>\n\t\t\t\t<div class=\"elementor-element elementor-element-e0972f5 elementor-mobile-align-center elementor-align-left elementor-widget elementor-widget-button\" data-id=\"e0972f5\" data-element_type=\"widget\" data-widget_type=\"button.default\">\n\t\t\t\t\t\t\t\t\t\t<a class=\"elementor-button elementor-button-link elementor-size-sm\" href=\"https:\/\/www.dandytailor.fi\/yhteystiedot\/\">\n\t\t\t\t\t\t<span class=\"elementor-button-content-wrapper\">\n\t\t\t\t\t\t\t\t\t<span class=\"elementor-button-text\">Onko sinulla kysytt\u00e4v\u00e4\u00e4 palveluista? Ota yhteytt\u00e4!<\/span>\n\t\t\t\t\t<\/span>\n\t\t\t\t\t<\/a>\n\t\t\t\t\t\t\t\t<\/div>\n\t\t\t\t<div class=\"elementor-element elementor-element-d13b91d elementor-mobile-align-center elementor-align-left elementor-widget elementor-widget-button\" data-id=\"d13b91d\" data-element_type=\"widget\" data-widget_type=\"button.default\">\n\t\t\t\t\t\t\t\t\t\t<a class=\"elementor-button elementor-button-link elementor-size-sm\" href=\"https:\/\/www.dandytailor.fi\/yhteystiedot\/\">\n\t\t\t\t\t\t<span class=\"elementor-button-content-wrapper\">\n\t\t\t\t\t\t\t\t\t<span class=\"elementor-button-text\">+358 45 212 2866<\/span>\n\t\t\t\t\t<\/span>\n\t\t\t\t\t<\/a>\n\t\t\t\t\t\t\t\t<\/div>\n\t\t\t\t\t<\/div>\n\t\t<\/div>\n\t\t\t\t\t<\/div>\n\t\t<\/section>\n\t\t\t\t<section class=\"elementor-section elementor-top-section elementor-element elementor-element-0c63e42 elementor-section-full_width elementor-section-content-middle elementor-section-height-default elementor-section-height-default\" data-id=\"0c63e42\" data-element_type=\"section\">\n\t\t\t\t\t\t<div class=\"elementor-container elementor-column-gap-default\">\n\t\t\t\t\t<div class=\"elementor-column elementor-col-100 elementor-top-column elementor-element elementor-element-9cb90e9\" data-id=\"9cb90e9\" data-element_type=\"column\">\n\t\t\t<div class=\"elementor-widget-wrap elementor-element-populated\">\n\t\t\t\t\t\t<div class=\"elementor-element elementor-element-41a2c38 elementor-widget__width-inherit elementor-widget elementor-widget-stepbooking\" data-id=\"41a2c38\" data-element_type=\"widget\" data-widget_type=\"stepbooking.default\">\n\t\t\t\t<div class=\"elementor-widget-container\">\n\t\t\t\t\t\n<script>\n  if (typeof hasAmeliaEntitiesApiCall === 'undefined' && ('' === '' && '' !== '1')) {\n    var hasAmeliaEntitiesApiCall = true;\n  }\n  var ameliaShortcodeData = (typeof ameliaShortcodeData === 'undefined') ? [] : ameliaShortcodeData;\n  ameliaShortcodeData.push(\n    {\n      'hasApiCall': (typeof hasAmeliaEntitiesApiCall !== 'undefined') && hasAmeliaEntitiesApiCall,\n      'trigger': '',\n      'trigger_type': '',\n      'triggered_form': 'sbsNew',\n      'in_dialog': '',\n      'show': '',\n      'counter': '1000',\n      'category': '',\n      'service': '6',\n      'employee': '',\n      'location': '',\n      'package': '',\n      'layout': '2',\n    }\n  );\n\n  var ameliaShortcodeDataTriggered = (typeof ameliaShortcodeDataTriggered === 'undefined') ? [] : ameliaShortcodeDataTriggered;\n  if (ameliaShortcodeData[ameliaShortcodeData.length - 1].trigger !== '') {\n    if (ameliaShortcodeDataTriggered.filter(a => a.counter === ameliaShortcodeData[ameliaShortcodeData.length - 1].counter).length === 0) {\n      ameliaShortcodeDataTriggered.push(ameliaShortcodeData.pop());\n    } else {\n      ameliaShortcodeData.pop()\n    }\n  }\n  if (typeof hasAmeliaEntitiesApiCall !== 'undefined' && hasAmeliaEntitiesApiCall) {\n    hasAmeliaEntitiesApiCall = false;\n  }\n<\/script>\n\n<div\n  id=\"amelia-v2-booking-1000\"\n  class=\"amelia-v2-booking\"\n >\n    <step-form-wrapper><\/step-form-wrapper><\/div>\n\t\t\t\t<\/div>\n\t\t\t\t<\/div>\n\t\t\t\t\t<\/div>\n\t\t<\/div>\n\t\t\t\t\t<\/div>\n\t\t<\/section>\n\t\t\t\t<section class=\"elementor-section elementor-top-section elementor-element elementor-element-08a0101 elementor-section-full_width elementor-section-content-middle elementor-section-height-default elementor-section-height-default\" data-id=\"08a0101\" data-element_type=\"section\">\n\t\t\t\t\t\t<div class=\"elementor-container elementor-column-gap-default\">\n\t\t\t\t\t<div class=\"elementor-column elementor-col-33 elementor-top-column elementor-element elementor-element-ff86512\" data-id=\"ff86512\" data-element_type=\"column\" data-settings=\"{&quot;background_background&quot;:&quot;slideshow&quot;,&quot;background_slideshow_gallery&quot;:[],&quot;background_slideshow_slide_duration&quot;:5000,&quot;background_slideshow_slide_transition&quot;:&quot;fade&quot;,&quot;background_slideshow_transition_duration&quot;:500}\">\n\t\t\t<div class=\"elementor-widget-wrap elementor-element-populated\">\n\t\t\t\t\t\t<div class=\"elementor-element elementor-element-4618e66 elementor-widget elementor-widget-image\" data-id=\"4618e66\" data-element_type=\"widget\" data-widget_type=\"image.default\">\n\t\t\t\t\t\t\t\t\t\t\t\t\t\t\t<img loading=\"lazy\" decoding=\"async\" width=\"1024\" height=\"683\" src=\"https:\/\/www.dandytailor.fi\/wp-content\/uploads\/2024\/11\/IMG_4634-scaled-1024x683.jpg\" class=\"attachment-large size-large wp-image-5068\" alt=\"\" srcset=\"https:\/\/www.dandytailor.fi\/wp-content\/uploads\/2024\/11\/IMG_4634-scaled-1024x683.jpg 1024w, https:\/\/www.dandytailor.fi\/wp-content\/uploads\/2024\/11\/IMG_4634-scaled-700x467.jpg 700w, https:\/\/www.dandytailor.fi\/wp-content\/uploads\/2024\/11\/IMG_4634-scaled-300x200.jpg 300w, https:\/\/www.dandytailor.fi\/wp-content\/uploads\/2024\/11\/IMG_4634-scaled-768x512.jpg 768w, https:\/\/www.dandytailor.fi\/wp-content\/uploads\/2024\/11\/IMG_4634-scaled-1536x1024.jpg 1536w, https:\/\/www.dandytailor.fi\/wp-content\/uploads\/2024\/11\/IMG_4634-scaled-2048x1366.jpg 2048w, https:\/\/www.dandytailor.fi\/wp-content\/uploads\/2024\/11\/IMG_4634-scaled-18x12.jpg 18w, https:\/\/www.dandytailor.fi\/wp-content\/uploads\/2024\/11\/IMG_4634-600x400.jpg 600w\" sizes=\"auto, (max-width: 1024px) 100vw, 1024px\" \/>\t\t\t\t\t\t\t\t\t\t\t\t\t\t\t<\/div>\n\t\t\t\t\t<\/div>\n\t\t<\/div>\n\t\t\t\t<div class=\"elementor-column elementor-col-33 elementor-top-column elementor-element elementor-element-fff334f\" data-id=\"fff334f\" data-element_type=\"column\" data-settings=\"{&quot;background_background&quot;:&quot;slideshow&quot;,&quot;background_slideshow_gallery&quot;:[],&quot;background_slideshow_slide_duration&quot;:5000,&quot;background_slideshow_slide_transition&quot;:&quot;fade&quot;,&quot;background_slideshow_transition_duration&quot;:500}\">\n\t\t\t<div class=\"elementor-widget-wrap elementor-element-populated\">\n\t\t\t\t\t\t<div class=\"elementor-element elementor-element-6a1f4fc elementor-widget elementor-widget-image\" data-id=\"6a1f4fc\" data-element_type=\"widget\" data-widget_type=\"image.default\">\n\t\t\t\t\t\t\t\t\t\t\t\t\t\t\t<img loading=\"lazy\" decoding=\"async\" width=\"1024\" height=\"683\" src=\"https:\/\/www.dandytailor.fi\/wp-content\/uploads\/2025\/03\/IMG_2269-1024x683.jpg\" class=\"attachment-large size-large wp-image-6258\" alt=\"\" srcset=\"https:\/\/www.dandytailor.fi\/wp-content\/uploads\/2025\/03\/IMG_2269-1024x683.jpg 1024w, https:\/\/www.dandytailor.fi\/wp-content\/uploads\/2025\/03\/IMG_2269-scaled-700x467.jpg 700w, https:\/\/www.dandytailor.fi\/wp-content\/uploads\/2025\/03\/IMG_2269-2048x1365.jpg 2048w, https:\/\/www.dandytailor.fi\/wp-content\/uploads\/2025\/03\/IMG_2269-300x200.jpg 300w, https:\/\/www.dandytailor.fi\/wp-content\/uploads\/2025\/03\/IMG_2269-768x512.jpg 768w, https:\/\/www.dandytailor.fi\/wp-content\/uploads\/2025\/03\/IMG_2269-1536x1024.jpg 1536w, https:\/\/www.dandytailor.fi\/wp-content\/uploads\/2025\/03\/IMG_2269-18x12.jpg 18w, https:\/\/www.dandytailor.fi\/wp-content\/uploads\/2025\/03\/IMG_2269-603x402.jpg 603w\" sizes=\"auto, (max-width: 1024px) 100vw, 1024px\" \/>\t\t\t\t\t\t\t\t\t\t\t\t\t\t\t<\/div>\n\t\t\t\t\t<\/div>\n\t\t<\/div>\n\t\t\t\t<div class=\"elementor-column elementor-col-33 elementor-top-column elementor-element elementor-element-fce0b97\" data-id=\"fce0b97\" data-element_type=\"column\" data-settings=\"{&quot;background_background&quot;:&quot;slideshow&quot;,&quot;background_slideshow_gallery&quot;:[],&quot;background_slideshow_loop&quot;:&quot;yes&quot;,&quot;background_slideshow_slide_duration&quot;:5000,&quot;background_slideshow_slide_transition&quot;:&quot;fade&quot;,&quot;background_slideshow_transition_duration&quot;:500}\">\n\t\t\t<div class=\"elementor-widget-wrap elementor-element-populated\">\n\t\t\t\t\t\t<div class=\"elementor-element elementor-element-b9f3745 elementor-widget elementor-widget-image\" data-id=\"b9f3745\" data-element_type=\"widget\" data-widget_type=\"image.default\">\n\t\t\t\t\t\t\t\t\t\t\t\t\t\t\t<img loading=\"lazy\" decoding=\"async\" width=\"1024\" height=\"683\" src=\"https:\/\/www.dandytailor.fi\/wp-content\/uploads\/2024\/10\/MG_8827-1024x683.jpg\" class=\"attachment-large size-large wp-image-4571\" alt=\"\" srcset=\"https:\/\/www.dandytailor.fi\/wp-content\/uploads\/2024\/10\/MG_8827-1024x683.jpg 1024w, https:\/\/www.dandytailor.fi\/wp-content\/uploads\/2024\/10\/MG_8827-700x467.jpg 700w, https:\/\/www.dandytailor.fi\/wp-content\/uploads\/2024\/10\/MG_8827-300x200.jpg 300w, https:\/\/www.dandytailor.fi\/wp-content\/uploads\/2024\/10\/MG_8827-768x512.jpg 768w, https:\/\/www.dandytailor.fi\/wp-content\/uploads\/2024\/10\/MG_8827-18x12.jpg 18w, https:\/\/www.dandytailor.fi\/wp-content\/uploads\/2024\/10\/MG_8827-600x400.jpg 600w, https:\/\/www.dandytailor.fi\/wp-content\/uploads\/2024\/10\/MG_8827.jpg 1200w\" sizes=\"auto, (max-width: 1024px) 100vw, 1024px\" \/>\t\t\t\t\t\t\t\t\t\t\t\t\t\t\t<\/div>\n\t\t\t\t\t<\/div>\n\t\t<\/div>\n\t\t\t\t\t<\/div>\n\t\t<\/section>\n\t\t\t\t<\/div>\n\t\t","protected":false},"excerpt":{"rendered":"<p>R\u00e4\u00e4t\u00e4li R\u00e4\u00e4t\u00e4lipuku eli Bespoke Suit eroaa mittatilauspuvusta siin\u00e4, ett\u00e4 se valmistetaan jokaista osaa my\u00f6ten k\u00e4sity\u00f6n\u00e4 liikkeess\u00e4mme r\u00e4\u00e4t\u00e4lien toimesta. R\u00e4\u00e4t\u00e4linpuvun valmistuksen ensimm\u00e4inen vaihe on vastaava kuin mittatilauspuvun &#8211; selvitet\u00e4\u00e4n millaiseen k\u00e4ytt\u00f6\u00f6n puku on tulossa. Sen j\u00e4lkeen r\u00e4\u00e4t\u00e4li voi suositella sinulle oikeita kankaita sadoista laatu- ja v\u00e4ri vaihtoehdoista. Seuraavaksi r\u00e4\u00e4t\u00e4li piirt\u00e4\u00e4 puvulle kaavan muistiinpanojen ja mittojen pohjalta&#8230;.<\/p>","protected":false},"author":6,"featured_media":0,"parent":0,"menu_order":0,"comment_status":"closed","ping_status":"closed","template":"elementor_header_footer","meta":{"_kad_post_transparent":"","_kad_post_title":"","_kad_post_layout":"","_kad_post_sidebar_id":"","_kad_post_content_style":"","_kad_post_vertical_padding":"","_kad_post_feature":"","_kad_post_feature_position":"","_kad_post_header":false,"_kad_post_footer":false,"_kad_post_classname":"","footnotes":""},"class_list":["post-879","page","type-page","status-publish","hentry"],"_links":{"self":[{"href":"https:\/\/www.dandytailor.fi\/en\/wp-json\/wp\/v2\/pages\/879","targetHints":{"allow":["GET"]}}],"collection":[{"href":"https:\/\/www.dandytailor.fi\/en\/wp-json\/wp\/v2\/pages"}],"about":[{"href":"https:\/\/www.dandytailor.fi\/en\/wp-json\/wp\/v2\/types\/page"}],"author":[{"embeddable":true,"href":"https:\/\/www.dandytailor.fi\/en\/wp-json\/wp\/v2\/users\/6"}],"replies":[{"embeddable":true,"href":"https:\/\/www.dandytailor.fi\/en\/wp-json\/wp\/v2\/comments?post=879"}],"version-history":[{"count":0,"href":"https:\/\/www.dandytailor.fi\/en\/wp-json\/wp\/v2\/pages\/879\/revisions"}],"wp:attachment":[{"href":"https:\/\/www.dandytailor.fi\/en\/wp-json\/wp\/v2\/media?parent=879"}],"curies":[{"name":"wp","href":"https:\/\/api.w.org\/{rel}","templated":true}]}}