{"id":3,"date":"2021-03-11T11:09:23","date_gmt":"2021-03-11T11:09:23","guid":{"rendered":"https:\/\/www.dandytailor.fi\/?page_id=3"},"modified":"2025-08-10T17:41:52","modified_gmt":"2025-08-10T14:41:52","slug":"tietosuojakaytanto","status":"publish","type":"page","link":"https:\/\/www.dandytailor.fi\/en\/tietosuojakaytanto\/","title":{"rendered":"Privacy Policy\u200b"},"content":{"rendered":"<div data-elementor-type=\"wp-page\" data-elementor-id=\"3\" class=\"elementor elementor-3\" data-elementor-post-type=\"page\">\n\t\t\t\t\t\t<section class=\"elementor-section elementor-top-section elementor-element elementor-element-3da199a5 elementor-section-content-middle elementor-section-boxed elementor-section-height-default elementor-section-height-default\" data-id=\"3da199a5\" data-element_type=\"section\">\n\t\t\t\t\t\t<div class=\"elementor-container elementor-column-gap-wide\">\n\t\t\t\t\t<div class=\"elementor-column elementor-col-100 elementor-top-column elementor-element elementor-element-4a5eaefe\" data-id=\"4a5eaefe\" data-element_type=\"column\">\n\t\t\t<div class=\"elementor-widget-wrap elementor-element-populated\">\n\t\t\t\t\t\t<div class=\"elementor-element elementor-element-f4d9618 elementor-widget elementor-widget-heading\" data-id=\"f4d9618\" data-element_type=\"widget\" data-widget_type=\"heading.default\">\n\t\t\t\t\t<h1 class=\"elementor-heading-title elementor-size-default\">Privacy Policy<\/h1>\t\t\t\t<\/div>\n\t\t\t\t<div class=\"elementor-element elementor-element-1dea23b2 elementor-widget__width-inherit elementor-widget elementor-widget-text-editor\" data-id=\"1dea23b2\" data-element_type=\"widget\" data-widget_type=\"text-editor.default\">\n\t\t\t\t\t\t\t\t\t<h5>1. REGISTRAR<\/h5>\n<p>Dandy Tailor Oy<br \/>Vat-number: FI34291088<br \/>Address: Mikonkatu 8, 00100 Helsinki<br \/>Email: <a href=\"mailto:dandy@dandytailor.fi\">dandy@dandytailor.fi<\/a><\/p>\n<p>\u00a0<\/p>\n<h5>2. OTHER DATA PROTECTION ISSUES<\/h5>\n<p>If you have any questions about the processing of personal data or would like to exercise your rights, please contact the contact person mentioned above.<\/p>\n<h5>\u00a0<\/h5>\n<h5>3. PERSONAL DATA COLLECTED<\/h5>\n<p><em style=\"font-size: 16px;\">We collect the following information:<\/em><\/p>\n<p>\u00a0<\/p>\n<p>\u2013 Basic customer information (name, address, message content (from the contact form), phone number and email address)<\/p>\n<p>\u00a0<\/p>\n<p>Service usage and booking information in different channels (online and in store)<\/p>\n<h5>\u00a0<\/h5>\n<h5>4. PURPOSE OF DATA COLLECTION<\/h5>\n<p><em style=\"font-size: 16px;\">We collect personal data for the following purposes:<\/em><\/p>\n<p>\u00a0<\/p>\n<p>\u2013 Customer service and contact processing.<\/p>\n<p>\u00a0<\/p>\n<p>\u2013 Analyzing and developing website usage (using Google Analytics)<\/p>\n<p>\u00a0<\/p>\n<p>\u2013 Improving the functionality and user experience of the website.<\/p>\n<h5>\u00a0<\/h5>\n<h5>5. LEGAL BASIS<\/h5>\n<p><em style=\"font-size: 16px;\">The data is processed:<\/em><\/p>\n<p>\u00a0<\/p>\n<p>\u2013 With user consent (cookies and analytics)<\/p>\n<p>\u00a0<\/p>\n<p>\u2013 Based on legitimate interest (responding to contact requests)<\/p>\n<h5>\u00a0<\/h5>\n<h5>6. Data Storage Duration<\/h5>\n<p><span style=\"font-size: 16px;\">\u2013 Contact information is kept for a maximum of 12 months.<\/span><\/p>\n<p>\u00a0<\/p>\n<p>\u2013 Analytics data is retained for the period specified by Google (typically 14\u201326 months)<\/p>\n<p>\u00a0<\/p>\n<p>\u2013 When the processing of personal data is based on consent, the controller will stop processing the data after the consent is withdrawn. Data related to purchases, returns and invoicing will be processed as part of the controller's accounting material for the period specified in the Accounting Act.<\/p>\n<p>\u00a0<\/p>\n<p>\u2013 The controller may be obliged to process some of the personal data in the register for a longer period than stated above in order to comply with legislation or regulatory requirements.<\/p>\n<h5>\u00a0<\/h5>\n<h5>7. Data Sharing<\/h5>\n<p><em style=\"font-size: 16px;\">Information will not be disclosed to third parties, except:<\/em><\/p>\n<p>\u00a0<\/p>\n<p>\u2013 In cases required by law.<\/p>\n<p>\u00a0<\/p>\n<h5><b>8. DATA SECURITY<\/b><\/h5>\n<p><em>Personal data is protected by technical and organizational means:<\/em><\/p>\n<p>\u00a0<\/p>\n<p>\u2013 Secure connections (HTTPS)<\/p>\n<p>\u00a0<\/p>\n<p>\u2013 Limited access to information.<\/p>\n<p>\u00a0<\/p>\n<p>\u2013 Server security solutions.<\/p>\n<p>\u00a0<\/p>\n<h5>9. RIGHTS OF THE DATA SUBJECT<\/h5>\n<p><em style=\"font-size: 16px;\">You have the right to:<\/em><\/p>\n<p>\u00a0<\/p>\n<p>\u2013 Check information about yourself.<\/p>\n<p>\u00a0<\/p>\n<p>\u2013 Request correction or deletion of data.<\/p>\n<p>\u00a0<\/p>\n<p>\u2013 Restrict or object to the processing of your data.<\/p>\n<p>\u00a0<\/p>\n<p>\u2013 File a complaint with the data protection authority (tietosuoja.fi)<\/p>\n<p><!-- \/wp:paragraph --><!-- wp:heading --><\/p>\n<p><!-- \/wp:paragraph --><\/p>\t\t\t\t\t\t\t\t<\/div>\n\t\t\t\t\t<\/div>\n\t\t<\/div>\n\t\t\t\t\t<\/div>\n\t\t<\/section>\n\t\t\t\t<\/div>","protected":false},"excerpt":{"rendered":"<p>Tietosuojak\u00e4yt\u00e4nt\u00f6 1. REKISTERINPIT\u00c4J\u00c4 Dandy Tailor OyY-tunnus: FI34291088Osoite: Mikonkatu 8, 00100 HelsinkiS\u00e4hk\u00f6posti: dandy@dandytailor.fi \u00a0 2. MUUT TIETOSUOJA-ASIOIHIN LIITTYV\u00c4T KYSYMYKSET Jos sinulla on kysytt\u00e4v\u00e4\u00e4 henkil\u00f6tietojen k\u00e4sittelyst\u00e4 tai haluat k\u00e4ytt\u00e4\u00e4 oikeuksiasi, ota yhteytt\u00e4 yll\u00e4 mainittuun yhteyshenkil\u00f6\u00f6n. \u00a0 3. KER\u00c4TT\u00c4V\u00c4T HENKIL\u00d6TIEDOT Ker\u00e4\u00e4mme seuraavia tietoja: \u00a0 &#8211; Asiakkaan perustiedot (nimi, osoite, viestin sis\u00e4lt\u00f6 (yhteydenottolomakkeelta), puhelinnumero ja s\u00e4hk\u00f6postiosoite) \u00a0 &#8211; Palveluiden&#8230;<\/p>","protected":false},"author":6,"featured_media":0,"parent":0,"menu_order":0,"comment_status":"closed","ping_status":"open","template":"elementor_header_footer","meta":{"_kad_post_transparent":"","_kad_post_title":"","_kad_post_layout":"","_kad_post_sidebar_id":"","_kad_post_content_style":"","_kad_post_vertical_padding":"","_kad_post_feature":"","_kad_post_feature_position":"","_kad_post_header":false,"_kad_post_footer":false,"_kad_post_classname":"","footnotes":""},"class_list":["post-3","page","type-page","status-publish","hentry"],"_links":{"self":[{"href":"https:\/\/www.dandytailor.fi\/en\/wp-json\/wp\/v2\/pages\/3","targetHints":{"allow":["GET"]}}],"collection":[{"href":"https:\/\/www.dandytailor.fi\/en\/wp-json\/wp\/v2\/pages"}],"about":[{"href":"https:\/\/www.dandytailor.fi\/en\/wp-json\/wp\/v2\/types\/page"}],"author":[{"embeddable":true,"href":"https:\/\/www.dandytailor.fi\/en\/wp-json\/wp\/v2\/users\/6"}],"replies":[{"embeddable":true,"href":"https:\/\/www.dandytailor.fi\/en\/wp-json\/wp\/v2\/comments?post=3"}],"version-history":[{"count":0,"href":"https:\/\/www.dandytailor.fi\/en\/wp-json\/wp\/v2\/pages\/3\/revisions"}],"wp:attachment":[{"href":"https:\/\/www.dandytailor.fi\/en\/wp-json\/wp\/v2\/media?parent=3"}],"curies":[{"name":"wp","href":"https:\/\/api.w.org\/{rel}","templated":true}]}}